{"id":11034,"date":"2020-10-05T11:58:32","date_gmt":"2020-10-05T11:58:32","guid":{"rendered":"https:\/\/expolampo.net\/?page_id=11034"},"modified":"2026-03-04T15:18:40","modified_gmt":"2026-03-04T15:18:40","slug":"termini-e-condizioni","status":"publish","type":"page","link":"https:\/\/expolampo.net\/?page_id=11034","title":{"rendered":"Termini e Condizioni"},"content":{"rendered":"\n<p><strong>CONDIZIONI GENERALI DI VENDITA E FORNITURA&nbsp;&nbsp;&nbsp;&nbsp;&nbsp;&nbsp;&nbsp;&nbsp;&nbsp;&nbsp;&nbsp;&nbsp;&nbsp;&nbsp;&nbsp;&nbsp;&nbsp;&nbsp;&nbsp;&nbsp;&nbsp;&nbsp;&nbsp;&nbsp;&nbsp;&nbsp;&nbsp;&nbsp;&nbsp;&nbsp;&nbsp;&nbsp;&nbsp;&nbsp;&nbsp;&nbsp;&nbsp;&nbsp;&nbsp;&nbsp;&nbsp;&nbsp;&nbsp;&nbsp;&nbsp;&nbsp;&nbsp;&nbsp;&nbsp;&nbsp;&nbsp;&nbsp;&nbsp;&nbsp;&nbsp; <\/strong><strong><\/strong><\/p>\n\n\n\n<h3 class=\"wp-block-heading\">ART. 1. OGGETTO<\/h3>\n\n\n\n<ol style=\"list-style-type:lower-alpha\" class=\"wp-block-list\">\n<li>Le presenti Condizioni Generali hanno per oggetto l&#8217;acquisto di prodotti e di servizi, effettuato a distanza tramite rete telematica sul sito expolampo.net appartenente alla Expolampo Graphic Solutions Srl (d&#8217;ora in avanti denominata &#8220;EGS Srl&#8221;) con sede legale in Caronno Pertusella, vicolo Pasteur, 120 P. Iva e C.F. 08115360961<\/li>\n\n\n\n<li>Le vendite sono rivolte esclusivamente a soggetti possessori di partita IVA, di seguito per brevit\u00e0 denominati Clienti.<\/li>\n<\/ol>\n\n\n\n<h3 class=\"wp-block-heading\">ART. 2. ACCETTAZIONE DELLE CONDIZIONI GENERALI DI VENDITA<\/h3>\n\n\n\n<ol style=\"list-style-type:lower-alpha\" class=\"wp-block-list\">\n<li>Il Cliente, con l&#8217;invio telematico della conferma del proprio ordine d&#8217;acquisto, accetta incondizionatamente e si obbliga ad osservare nei suoi rapporti con EGS Srl le condizioni generali e di pagamento di seguito trascritte, dichiarando di aver preso visione ed accettato tutte le indicazioni a lui fornite ai sensi delle norme richiamate, prendendo altres\u00ec atto che EGS Srl stessa non si ritiene vincolata a condizioni diverse se non preventivamente concordate per iscritto.<\/li>\n\n\n\n<li>Ogni clausola e\/o condizione riportata sull\u2019ordine del Cliente viene annullata dalla conferma d\u2019ordine, che definisce il rapporto contrattuale tra EGS Srl ed il Cliente, che quest\u2019ultimo ricever\u00e0 dopo aver inoltrato l\u2019ordine tramite sito internet.<\/li>\n<\/ol>\n\n\n\n<h3 class=\"wp-block-heading\">ART. 3. IMPEGNI DEL CLIENTE<\/h3>\n\n\n\n<ol style=\"list-style-type:lower-alpha\" class=\"wp-block-list\">\n<li>Le presenti condizioni generali di vendita devono essere esaminate on-line dai Clienti visitatori del sito expolampo.net prima che confermino i loro acquisti. L&#8217;inoltro della conferma d&#8217;ordine implica pertanto la totale conoscenza delle Condizioni Generali di Vendita e la loro integrale accettazione.<\/li>\n\n\n\n<li>Il Cliente si impegna e si obbliga, una volta conclusa la procedura d&#8217;acquisto on-line, a stampare e conservare le presenti condizioni generali di vendita, gi\u00e0 visionate e accettate durante il processo d&#8217;acquisto effettuato.<\/li>\n<\/ol>\n\n\n\n<h3 class=\"wp-block-heading\">ART. 4. MODALITA&#8217; DI ACQUISTO<\/h3>\n\n\n\n<ol style=\"list-style-type:lower-alpha\" class=\"wp-block-list\">\n<li>expolampo.net \u00e8 un sito telematico che offre la possibilit\u00e0 di acquistare prodotti per la stampa digitale.<\/li>\n\n\n\n<li>Gli acquisti dei prodotti, disponibili cos\u00ec come illustrati e descritti on-line nelle relative schede descrittive e tecniche, sono effettuati dal Cliente al prezzo ivi indicato, da confermare al momento dell&#8217;inoltro della conferma d&#8217;ordine, oltre alle spese di trasporto come visualizzate all&#8217;atto dell&#8217;acquisto. Le immagini dei prodotti sono inserite a titolo puramente illustrativo.<\/li>\n\n\n\n<li>Prima della conferma dell&#8217;acquisto al Cliente verranno riepilogati il costo unitario di ogni prodotto prescelto, il costo totale in caso di acquisto di pi\u00f9 prodotti e le relative spese di trasporto.<\/li>\n\n\n\n<li>Confermando l&#8217;acquisto, a completamento della transazione, il Cliente ricever\u00e0 un messaggio di posta elettronica contenente il dettaglio del proprio ordine.<\/li>\n<\/ol>\n\n\n\n<h3 class=\"wp-block-heading\">ART. 5. PAGAMENTI<\/h3>\n\n\n\n<ol style=\"list-style-type:lower-alpha\" class=\"wp-block-list\">\n<li>La vendita si intende con riservato dominio fino al pagamento completo.<\/li>\n\n\n\n<li>Il pagamento dei prodotti acquistati e delle relative spese di spedizione dovr\u00e0 essere effettuato dal Cliente all&#8217;atto dell&#8217;inoltro della conferma d&#8217;ordine mediante una delle seguenti modalit\u00e0:<\/li>\n<\/ol>\n\n\n\n<ul class=\"wp-block-list\">\n<li>Pagamento con conti PayPal e carte di credito: Attraverso PayPal, leader mondiale nei pagamenti sicuri on line, accettiamo le principali carte di credito ed i pagamenti con conto PayPal. Un conto PayPal o una carta di credito sono i metodi di pagamento pi\u00f9 comodi, convenienti e da noi consigliati anche per ridurre i tempi di evasione degli ordini. La transazione avviene on-line tramite i sistemi sicuri di PayPal e nessuna informazione relativa alle carte di credito viene trasferita a EGS Srl. I dati relativi all&#8217;ordine vengono trasmessi crittografati secondo il sistema SSL (Secure Socket Layer) direttamente sui server di PayPal che garantiscono la sicurezza della trasmissione dei dati secondo le normative vigenti.<\/li>\n\n\n\n<li>Pagamento con bonifico bancario: I pagamenti possono essere effettuati con bonifico bancario anticipato; una copia deve essere trasmessa a mezzo mail all&#8217;indirizzo specificato nel resoconto dell&#8217;ordine. Non procederemo all\u2019evasione dell&#8217;ordine fino a che il pagamento non sar\u00e0 ricevuto, accertato e riscosso attraverso il sistema bancario.<\/li>\n\n\n\n<li>Pagamento in contrassegno in contanti o con assegno circolare: Il Cliente pu\u00f2 decidere se pagare il corriere al momento dello scarico della merce o in contanti (limitatamente agli importi consentiti dalle disposizioni di legge) o con assegno circolare intestato\u00a0ad EGS Srl e non trasferibile.<\/li>\n<\/ul>\n\n\n\n<h3 class=\"wp-block-heading\">ART. 6. DISPONIBILITA&#8217; DEI PRODOTTI<\/h3>\n\n\n\n<ol style=\"list-style-type:lower-alpha\" class=\"wp-block-list\">\n<li>La disponibilit\u00e0 dei prodotti si riferisce al momento in cui il Cliente consulta le schede dei prodotti; deve comunque essere considerata puramente indicativa, poich\u00e9, per effetto della contemporanea presenza sul sito di pi\u00f9 utenti, i prodotti potrebbero essere venduti ad altri utenti prima della conferma dell&#8217;ordine. Non potranno, in ogni caso, essere attribuite a EGS Srl responsabilit\u00e0 in caso di indisponibilit\u00e0 di uno o pi\u00f9 prodotti.<\/li>\n\n\n\n<li>EGS Srl non sar\u00e0 in alcun modo responsabile per la temporanea o definitiva indisponibilit\u00e0 di uno o pi\u00f9 prodotti. Nel sito vengono evidenziati i casi in cui sono presenti limitazioni all&#8217;acquisto di singoli prodotti. Nel caso di indisponibilit\u00e0, anche temporanea, dei prodotti richiesti, EGS Srl si impegna a non addebitare al Cliente il prezzo corrispondente. Se sar\u00e0 stato trasmesso l&#8217;ordine ed il prezzo \u00e8 gi\u00e0 stato pagato per gli articoli che non sono pi\u00f9 disponibili, EGS Srl rimborser\u00e0 il Cliente dell&#8217;intero importo pagato per quegli articoli.<\/li>\n\n\n\n<li>Anche in seguito all&#8217;invio dell&#8217;e-mail di conferma dell&#8217;ordine da parte di EGS Srl, potrebbero verificarsi casi di indisponibilit\u00e0 parziale o totale della merce. In questa eventualit\u00e0, il Cliente verr\u00e0 tempestivamente informato con comunicazione scritta o via e-mail e potr\u00e0 decidere se accettare la consegna dei soli prodotti disponibili, ottenendo il rimborso per quelli indisponibili oppure se richiedere l&#8217;annullamento dell&#8217;ordine, con conseguente rimborso degli importi eventualmente gi\u00e0 versati, comunicandolo via e-mail a EGS Srl.<\/li>\n\n\n\n<li>Per l&#8217;eventualit\u00e0 di cui al punto precedente, il Cliente pu\u00f2 scegliere, al momento dell&#8217;invio dell&#8217;ordine, se accettare una fornitura diversa da quella pattuita, del medesimo valore.<\/li>\n<\/ol>\n\n\n\n<h3 class=\"wp-block-heading\">ART. 7. SPEDIZIONE E CONSEGNA PRODOTTI<\/h3>\n\n\n\n<ol style=\"list-style-type:lower-alpha\" class=\"wp-block-list\">\n<li>I prodotti acquistati saranno consegnati all&#8217;indirizzo indicato dal Cliente.<\/li>\n\n\n\n<li>Prima del ritiro del prodotto il Cliente \u00e8 tenuto a verificare che ogni pacco sia integro, non danneggiato n\u00e9 bagnato.<\/li>\n\n\n\n<li>Non si accetteranno contestazioni per merce danneggiata durante il trasporto qualora la segnalazione (firma con riserva) non sia stata effettuata direttamente al corriere al momento dello scarico della merce.<\/li>\n\n\n\n<li>La merce viaggia a rischio e pericolo del destinatario anche se convenuto franco destino.<\/li>\n\n\n\n<li>EGS Srl garantisce un\u2019adeguata qualit\u00e0 degli imballaggi in base alla tipologia di merce spedita.<\/li>\n\n\n\n<li>In caso di chiusure aziendali si prega di avvisare tempestivamente per evitare l\u2019addebito dei costi di giacenza della merce presso i corrieri.<\/li>\n\n\n\n<li>In caso di merce danneggiata durante il trasporto (con relativa firma di riserva) il risarcimento, per legge, \u00e8 pari ad \u20ac1\/kg. <\/li>\n<\/ol>\n\n\n\n<p>EGS Srl non potr\u00e0 essere ritenuta responsabile per ritardi nella consegna qualora questi dipendano dai vettori e comunque in nessun caso (condizioni climatiche avverse, sommosse, etc.) qualora il ritardo derivi da impossibilit\u00e0 oggettiva di spedire nei tempi precedentemente stabiliti.<\/p>\n\n\n\n<h3 class=\"wp-block-heading\">ART. 8. RECLAMI E RESI<\/h3>\n\n\n\n<ol style=\"list-style-type:lower-alpha\" class=\"wp-block-list\">\n<li>In caso di beni difettosi EGS Srl non potr\u00e0 essere ritenuta responsabile per importi superiori al prezzo dei prodotti riportato in fattura.<\/li>\n\n\n\n<li>L\u2019eventuale malfunzionamento dei prodotti dovr\u00e0 essere segnalato entro otto (8) giorni dalla ricezione della merce. Non si accettano pertanto reclami trascorsi otto (8) giorni dal ricevimento della merce. Non si accettano reclami in caso di negligenza, incuria nell\u2019uso e\/o manutenzione del prodotto.<\/li>\n\n\n\n<li>La segnalazione dovr\u00e0 avvenire a mezzo email all\u2019indirizzo <a href=\"mailto:vendite@expolampo.it\">vendite@expolampo.it <\/a>a cui seguir\u00e0 la risposta di EGS Srl e l\u2019eventuale procedura per il reso dei prodotti.<\/li>\n\n\n\n<li>Le eventuali spese di restituzione del bene al mittente sono a totale carico del Cliente.<\/li>\n<\/ol>\n\n\n\n<h3 class=\"wp-block-heading\">ART. 9. GIURISDIZIONE E FORO COMPETENTE<\/h3>\n\n\n\n<p>a. Il presente contratto sar\u00e0 regolato dalla legge italiana. Per qualsiasi controversia relativa alla validit\u00e0, interpretazione e\/o esecuzione del medesimo contratto sar\u00e0 competente in via esclusiva il foro di Milano.<\/p>\n\n\n\n<p>Scarica <a rel=\"noreferrer noopener\" href=\"https:\/\/staging.expolampo.net\/CONDIZIONI_DI_VENDITA.pdf\" target=\"_blank\">CONDIZIONI DI VENDITA.pdf<\/a><\/p>\n","protected":false},"excerpt":{"rendered":"<p>CONDIZIONI GENERALI DI VENDITA E FORNITURA&nbsp;&nbsp;&nbsp;&nbsp;&nbsp;&nbsp;&nbsp;&nbsp;&nbsp;&nbsp;&nbsp;&nbsp;&nbsp;&nbsp;&nbsp;&nbsp;&nbsp;&nbsp;&nbsp;&nbsp;&nbsp;&nbsp;&nbsp;&nbsp;&nbsp;&nbsp;&nbsp;&nbsp;&nbsp;&nbsp;&nbsp;&nbsp;&nbsp;&nbsp;&nbsp;&nbsp;&nbsp;&nbsp;&nbsp;&nbsp;&nbsp;&nbsp;&nbsp;&nbsp;&nbsp;&nbsp;&nbsp;&nbsp;&nbsp;&nbsp;&nbsp;&nbsp;&nbsp;&nbsp;&nbsp; ART. 1. OGGETTO ART. 2. ACCETTAZIONE DELLE CONDIZIONI GENERALI DI VENDITA ART. 3. IMPEGNI&#8230;<\/p>\n","protected":false},"author":1,"featured_media":0,"parent":0,"menu_order":0,"comment_status":"closed","ping_status":"closed","template":"","meta":{"footnotes":""},"class_list":["post-11034","page","type-page","status-publish","hentry"],"_links":{"self":[{"href":"https:\/\/expolampo.net\/index.php?rest_route=\/wp\/v2\/pages\/11034","targetHints":{"allow":["GET"]}}],"collection":[{"href":"https:\/\/expolampo.net\/index.php?rest_route=\/wp\/v2\/pages"}],"about":[{"href":"https:\/\/expolampo.net\/index.php?rest_route=\/wp\/v2\/types\/page"}],"author":[{"embeddable":true,"href":"https:\/\/expolampo.net\/index.php?rest_route=\/wp\/v2\/users\/1"}],"replies":[{"embeddable":true,"href":"https:\/\/expolampo.net\/index.php?rest_route=%2Fwp%2Fv2%2Fcomments&post=11034"}],"version-history":[{"count":12,"href":"https:\/\/expolampo.net\/index.php?rest_route=\/wp\/v2\/pages\/11034\/revisions"}],"predecessor-version":[{"id":13227,"href":"https:\/\/expolampo.net\/index.php?rest_route=\/wp\/v2\/pages\/11034\/revisions\/13227"}],"wp:attachment":[{"href":"https:\/\/expolampo.net\/index.php?rest_route=%2Fwp%2Fv2%2Fmedia&parent=11034"}],"curies":[{"name":"wp","href":"https:\/\/api.w.org\/{rel}","templated":true}]}}