{"id":12990,"date":"2026-02-18T16:44:22","date_gmt":"2026-02-18T16:44:22","guid":{"rendered":"https:\/\/expolampo.net\/?page_id=12990"},"modified":"2026-04-02T13:37:50","modified_gmt":"2026-04-02T13:37:50","slug":"negozio-2","status":"publish","type":"page","link":"https:\/\/expolampo.net\/?page_id=12990","title":{"rendered":"Negozio"},"content":{"rendered":"\n<div class=\"wp-block-columns is-layout-flex wp-container-core-columns-is-layout-9d6595d7 wp-block-columns-is-layout-flex\">\n<div class=\"wp-block-column is-layout-flow wp-block-column-is-layout-flow\"><div data-block-name=\"woocommerce\/featured-category\" data-category-id=\"86\" data-dim-ratio=\"40\" data-image-fit=\"cover\" class=\"wc-block-featured-category alignnone has-background-dim has-background-dim-40 wp-block-woocommerce-featured-category\" style=\"min-height:500px;\"><div class=\"wc-block-featured-category__wrapper\"><div class=\"background-dim__overlay\" style=\"background-color: #000000\"><\/div><img decoding=\"async\" alt=\"DTF\" class=\"wc-block-featured-category__background-image\" src=\"https:\/\/expolampo.net\/wp-content\/uploads\/2025\/02\/Foto-Categoria-DTF.jpg\" style=\"object-fit: cover;object-position: 50% 50%;\" \/><div class=\"wc-block-featured-category__inner-blocks\">\n<h2 data-block-name=\"woocommerce\/category-title\" data-style=\"{&quot;padding&quot;:{&quot;bottom&quot;:&quot;16px&quot;}}\" data-text-align=\"center\" class=\"has-text-align-center wp-block-woocommerce-category-title\">DTF<\/h2>\n\n<div data-block-name=\"woocommerce\/category-description\" data-style=\"{&quot;padding&quot;:{&quot;bottom&quot;:&quot;16px&quot;}}\" data-text-align=\"center\" class=\"has-text-align-center wp-block-woocommerce-category-description\"><p>La stampa DTF (Direct to Film) \u00e8 una tecnica che trasferisce disegni su tessuti mediante un film di poliestere e polvere adesiva. \u00c8 apprezzata per l&#8217;alta qualit\u00e0, la durabilit\u00e0 e la capacit\u00e0 di personalizzare abbigliamento e accessori con dettagli precisi e vivaci.<\/p>\n<\/div>\n\n\n<div class=\"wp-block-buttons is-content-justification-center is-layout-flex wp-container-core-buttons-is-layout-16018d1d wp-block-buttons-is-layout-flex\">\n<div class=\"wp-block-button has-custom-width wp-block-button__width-75 is-style-fill\"><a class=\"wp-block-button__link has-normal-font-size has-custom-font-size wp-element-button\" href=\"https:\/\/expolampo.net\/?product_cat=dtf\" style=\"border-top-left-radius:10px;border-top-right-radius:10px;border-bottom-left-radius:10px;border-bottom-right-radius:10px\">Scopri di pi\u00f9<\/a><\/div>\n<\/div>\n\n<\/div><\/div><\/div><\/div>\n\n\n\n<div class=\"wp-block-column is-layout-flow wp-block-column-is-layout-flow\"><div data-block-name=\"woocommerce\/featured-category\" data-category-id=\"87\" data-dim-ratio=\"40\" data-image-fit=\"cover\" class=\"wc-block-featured-category alignnone has-background-dim has-background-dim-40 wp-block-woocommerce-featured-category\" style=\"min-height:500px;\"><div class=\"wc-block-featured-category__wrapper\"><div class=\"background-dim__overlay\" style=\"background-color: #000000\"><\/div><img decoding=\"async\" alt=\"DFT UV\" class=\"wc-block-featured-category__background-image\" src=\"https:\/\/expolampo.net\/wp-content\/uploads\/2025\/02\/Foto-Categoria-DTF-UV.png\" style=\"object-fit: cover;object-position: 50% 50%;\" \/><div class=\"wc-block-featured-category__inner-blocks\">\n<h2 data-block-name=\"woocommerce\/category-title\" data-style=\"{&quot;padding&quot;:{&quot;bottom&quot;:&quot;16px&quot;}}\" data-text-align=\"center\" class=\"has-text-align-center wp-block-woocommerce-category-title\">DFT UV<\/h2>\n\n<div data-block-name=\"woocommerce\/category-description\" data-style=\"{&quot;padding&quot;:{&quot;bottom&quot;:&quot;16px&quot;}}\" data-text-align=\"center\" class=\"has-text-align-center wp-block-woocommerce-category-description\"><p>La stampa DTF UV (Direct to Film UV) trasferisce immagini su vari materiali usando inchiostri UV. \u00c8 apprezzata per la qualit\u00e0 eccezionale, la resistenza e la versatilit\u00e0, permettendo personalizzazioni dettagliate e durature su vetro, metallo e plastica.<\/p>\n<\/div>\n\n\n<div class=\"wp-block-buttons is-content-justification-center is-layout-flex wp-container-core-buttons-is-layout-16018d1d wp-block-buttons-is-layout-flex\">\n<div class=\"wp-block-button has-custom-width wp-block-button__width-75\"><a class=\"wp-block-button__link has-normal-font-size has-custom-font-size wp-element-button\" href=\"https:\/\/expolampo.net\/?product_cat=dtf-uv\" style=\"border-top-left-radius:10px;border-top-right-radius:10px;border-bottom-left-radius:10px;border-bottom-right-radius:10px\">Scopri di pi\u00f9<\/a><\/div>\n<\/div>\n\n<\/div><\/div><\/div><\/div>\n<\/div>\n\n\n\n<hr class=\"wp-block-separator has-alpha-channel-opacity is-style-wide\"\/>\n\n\n\n<div class=\"wp-block-columns is-layout-flex wp-container-core-columns-is-layout-9d6595d7 wp-block-columns-is-layout-flex\">\n<div class=\"wp-block-column is-layout-flow wp-block-column-is-layout-flow\"><div data-block-name=\"woocommerce\/featured-category\" data-category-id=\"94\" data-dim-ratio=\"40\" data-image-fit=\"cover\" class=\"wc-block-featured-category alignnone has-background-dim has-background-dim-40 wp-block-woocommerce-featured-category\" style=\"min-height:500px;\"><div class=\"wc-block-featured-category__wrapper\"><div class=\"background-dim__overlay\" style=\"background-color: #000000\"><\/div><img decoding=\"async\" alt=\"Inchiostri\" class=\"wc-block-featured-category__background-image\" src=\"https:\/\/expolampo.net\/wp-content\/uploads\/2025\/02\/Foto-Categoria-Inchiostri-683x1024.jpg\" style=\"object-fit: cover;object-position: 50% 50%;\" \/><div class=\"wc-block-featured-category__inner-blocks\">\n<h2 data-block-name=\"woocommerce\/category-title\" data-text-align=\"center\" class=\"has-text-align-center wp-block-woocommerce-category-title\">Inchiostri<\/h2>\n\n<div data-block-name=\"woocommerce\/category-description\" data-text-align=\"center\" class=\"has-text-align-center wp-block-woocommerce-category-description\"><p>Il mondo degli inchiostri presenta soluzioni versatili per ogni applicazione, dai colori vivaci per la stampa ai pigmenti specializzati per arte e scrittura a tutte le altre tecnologie di stampa solvent, ecosolvent, UV originali e compatibili ad alta affidabilit\u00e0, garantendo risultati di alta qualit\u00e0 su vari materiali.<\/p>\n<\/div>\n\n\n<div class=\"wp-block-buttons is-content-justification-center is-layout-flex wp-container-core-buttons-is-layout-16018d1d wp-block-buttons-is-layout-flex\">\n<div class=\"wp-block-button has-custom-width wp-block-button__width-75\"><a class=\"wp-block-button__link wp-element-button\" href=\"https:\/\/expolampo.net\/?product_cat=ink\" style=\"border-top-left-radius:10px;border-top-right-radius:10px;border-bottom-left-radius:10px;border-bottom-right-radius:10px\">Scopri di pi\u00f9<\/a><\/div>\n<\/div>\n\n<\/div><\/div><\/div><\/div>\n\n\n\n<div class=\"wp-block-column is-layout-flow wp-block-column-is-layout-flow\"><div data-block-name=\"woocommerce\/featured-category\" data-category-id=\"120\" data-dim-ratio=\"40\" data-image-fit=\"cover\" class=\"wc-block-featured-category alignnone has-background-dim has-background-dim-40 wp-block-woocommerce-featured-category\" style=\"min-height:500px;\"><div class=\"wc-block-featured-category__wrapper\"><div class=\"background-dim__overlay\" style=\"background-color: #000000\"><\/div><img decoding=\"async\" alt=\"Espositori\" class=\"wc-block-featured-category__background-image\" src=\"https:\/\/expolampo.net\/wp-content\/uploads\/2025\/02\/Foto-Categoria-Espositori-1024x1024.png\" style=\"object-fit: cover;object-position: 50% 50%;\" \/><div class=\"wc-block-featured-category__inner-blocks\">\n<h2 data-block-name=\"woocommerce\/category-title\" data-text-align=\"center\" class=\"has-text-align-center wp-block-woocommerce-category-title\">Espositori<\/h2>\n\n<div data-block-name=\"woocommerce\/category-description\" data-text-align=\"center\" class=\"has-text-align-center wp-block-woocommerce-category-description\"><p>Il mondo degli espositori \u00e8 ricco di soluzioni versatili e pratiche, come roll-up e pannelli, progettati per garantire una presentazione professionale in eventi e spazi pubblici. Questi strumenti offrono facilit\u00e0 di montaggio e opzioni di personalizzazione, assicurando visibilit\u00e0 per ogni esigenza.<\/p>\n<\/div>\n\n\n<div class=\"wp-block-buttons is-content-justification-center is-layout-flex wp-container-core-buttons-is-layout-16018d1d wp-block-buttons-is-layout-flex\">\n<div class=\"wp-block-button has-custom-width wp-block-button__width-75\"><a class=\"wp-block-button__link wp-element-button\" href=\"https:\/\/expolampo.net\/?product_cat=roll-up\" style=\"border-top-left-radius:10px;border-top-right-radius:10px;border-bottom-left-radius:10px;border-bottom-right-radius:10px\">Scopri di pi\u00f9<\/a><\/div>\n<\/div>\n\n<\/div><\/div><\/div><\/div>\n\n\n\n<div class=\"wp-block-column is-layout-flow wp-block-column-is-layout-flow\"><div data-block-name=\"woocommerce\/featured-category\" data-category-id=\"117\" data-dim-ratio=\"40\" data-image-fit=\"cover\" class=\"wc-block-featured-category alignnone has-background-dim has-background-dim-40 wp-block-woocommerce-featured-category\" style=\"min-height:500px;\"><div class=\"wc-block-featured-category__wrapper\"><div class=\"background-dim__overlay\" style=\"background-color: #000000\"><\/div><img decoding=\"async\" alt=\"Laminazione\" class=\"wc-block-featured-category__background-image\" src=\"https:\/\/expolampo.net\/wp-content\/uploads\/2025\/02\/Foto-Categoria-Laminazione-683x1024.jpg\" style=\"object-fit: cover;object-position: 50% 50%;\" \/><div class=\"wc-block-featured-category__inner-blocks\">\n<h2 data-block-name=\"woocommerce\/category-title\" data-text-align=\"center\" class=\"has-text-align-center wp-block-woocommerce-category-title\">Laminazione<\/h2>\n\n<div data-block-name=\"woocommerce\/category-description\" data-text-align=\"center\" class=\"has-text-align-center wp-block-woocommerce-category-description\"><p>Il mondo della laminazione offre soluzioni avanzate per trasformare materiali in fogli sottili e uniformi. Questo processo, \u00e8 essenziale per applicazioni che spaziano dalla protezione della grafica da pavimento a quella da affissione, garantendo precisione e alta qualit\u00e0.<\/p>\n<\/div>\n\n\n<div class=\"wp-block-buttons is-content-justification-center is-layout-flex wp-container-core-buttons-is-layout-16018d1d wp-block-buttons-is-layout-flex\">\n<div class=\"wp-block-button has-custom-width wp-block-button__width-75\"><a class=\"wp-block-button__link wp-element-button\" href=\"https:\/\/expolampo.net\/?product_cat=laminazione\" style=\"border-top-left-radius:10px;border-top-right-radius:10px;border-bottom-left-radius:10px;border-bottom-right-radius:10px\">Scopri di pi\u00f9<\/a><\/div>\n<\/div>\n\n<\/div><\/div><\/div><\/div>\n<\/div>\n\n\n\n<hr class=\"wp-block-separator has-alpha-channel-opacity is-style-wide\"\/>\n\n\n\n<div class=\"wp-block-columns is-layout-flex wp-container-core-columns-is-layout-9d6595d7 wp-block-columns-is-layout-flex\">\n<div class=\"wp-block-column is-layout-flow wp-block-column-is-layout-flow\"><div data-block-name=\"woocommerce\/featured-category\" data-category-id=\"108\" data-dim-ratio=\"40\" data-image-fit=\"cover\" class=\"wc-block-featured-category alignnone has-background-dim has-background-dim-40 wp-block-woocommerce-featured-category\" style=\"min-height:500px;\"><div class=\"wc-block-featured-category__wrapper\"><div class=\"background-dim__overlay\" style=\"background-color: #000000\"><\/div><img decoding=\"async\" alt=\"Eco - Solvent - UV - Latex\" class=\"wc-block-featured-category__background-image\" src=\"https:\/\/expolampo.net\/wp-content\/uploads\/2025\/02\/Foto-Categoria-EcoSolvent-UV-Latex.jpg\" style=\"object-fit: cover;object-position: 50% 50%;\" \/><div class=\"wc-block-featured-category__inner-blocks\">\n<h2 data-block-name=\"woocommerce\/category-title\" data-style=\"{&quot;padding&quot;:{&quot;bottom&quot;:&quot;16px&quot;}}\" data-text-align=\"center\" class=\"has-text-align-center wp-block-woocommerce-category-title\">Eco &#8211; Solvent &#8211; UV &#8211; Latex<\/h2>\n\n<div data-block-name=\"woocommerce\/category-description\" data-style=\"{&quot;padding&quot;:{&quot;bottom&quot;:&quot;16px&quot;}}\" data-text-align=\"center\" class=\"has-text-align-center wp-block-woocommerce-category-description\"><p>Scopri il mondo dei banner, carta blue e white back, sticker e vinili: uno spazio dove la creativit\u00e0 prende vita! I banner offrono grande impatto per eventi e pubblicit\u00e0, la carta blue e white back \u00e8 ideale per stampe professionali da affissioni, gli sticker personalizzano oggetti e superfici e i vinili decorano ambienti con design durevoli e accattivanti.<\/p>\n<\/div>\n\n\n<div class=\"wp-block-buttons is-content-justification-center is-layout-flex wp-container-core-buttons-is-layout-16018d1d wp-block-buttons-is-layout-flex\">\n<div class=\"wp-block-button has-custom-width wp-block-button__width-75\"><a class=\"wp-block-button__link has-normal-font-size has-custom-font-size wp-element-button\" href=\"https:\/\/expolampo.net\/?product_cat=solv-eco-uv-lat\" style=\"border-top-left-radius:10px;border-top-right-radius:10px;border-bottom-left-radius:10px;border-bottom-right-radius:10px\">Scopri di pi\u00f9<\/a><\/div>\n<\/div>\n\n<\/div><\/div><\/div><\/div>\n\n\n\n<div class=\"wp-block-column is-layout-flow wp-block-column-is-layout-flow\"><div data-block-name=\"woocommerce\/featured-category\" data-category-id=\"112\" data-dim-ratio=\"40\" data-image-fit=\"cover\" class=\"wc-block-featured-category alignnone has-background-dim has-background-dim-40 wp-block-woocommerce-featured-category\" style=\"min-height:500px;\"><div class=\"wc-block-featured-category__wrapper\"><div class=\"background-dim__overlay\" style=\"background-color: #000000\"><\/div><img decoding=\"async\" alt=\"Dye e Pigmento\" class=\"wc-block-featured-category__background-image\" src=\"https:\/\/expolampo.net\/wp-content\/uploads\/2025\/02\/Foto-Categoria-Dye-e-Pigmento-819x1024.jpg\" style=\"object-fit: cover;object-position: 50% 50%;\" \/><div class=\"wc-block-featured-category__inner-blocks\">\n<h2 data-block-name=\"woocommerce\/category-title\" data-style=\"{&quot;padding&quot;:{&quot;bottom&quot;:&quot;16px&quot;}}\" data-text-align=\"center\" class=\"has-text-align-center wp-block-woocommerce-category-title\">Dye e Pigmento<\/h2>\n\n<div data-block-name=\"woocommerce\/category-description\" data-style=\"{&quot;padding&quot;:{&quot;bottom&quot;:&quot;16px&quot;}}\" data-text-align=\"center\" class=\"has-text-align-center wp-block-woocommerce-category-description\"><p>Il mondo dei supporti da stampa per inchiostri dye e pigmento offre opzioni diverse per risultati ottimali. I supporti per dye, come carte lucide, esaltano la vivacit\u00e0 dei colori, mentre quelli per pigmento, come carte opache, garantiscono durabilit\u00e0 e resistenza alla luce. La scelta dipende dal tipo di stampa e dall\u2019effetto desiderato.<\/p>\n<\/div>\n\n\n<div class=\"wp-block-buttons is-content-justification-center is-layout-flex wp-container-core-buttons-is-layout-16018d1d wp-block-buttons-is-layout-flex\">\n<div class=\"wp-block-button has-custom-width wp-block-button__width-75\"><a class=\"wp-block-button__link has-normal-font-size has-custom-font-size wp-element-button\" href=\"https:\/\/expolampo.net\/?product_cat=dye-pigmento\" style=\"border-top-left-radius:10px;border-top-right-radius:10px;border-bottom-left-radius:10px;border-bottom-right-radius:10px\">Scopri di pi\u00f9<\/a><\/div>\n<\/div>\n\n<\/div><\/div><\/div><\/div>\n<\/div>\n","protected":false},"excerpt":{"rendered":"","protected":false},"author":23,"featured_media":0,"parent":0,"menu_order":0,"comment_status":"closed","ping_status":"closed","template":"","meta":{"footnotes":""},"class_list":["post-12990","page","type-page","status-publish","hentry"],"_links":{"self":[{"href":"https:\/\/expolampo.net\/index.php?rest_route=\/wp\/v2\/pages\/12990","targetHints":{"allow":["GET"]}}],"collection":[{"href":"https:\/\/expolampo.net\/index.php?rest_route=\/wp\/v2\/pages"}],"about":[{"href":"https:\/\/expolampo.net\/index.php?rest_route=\/wp\/v2\/types\/page"}],"author":[{"embeddable":true,"href":"https:\/\/expolampo.net\/index.php?rest_route=\/wp\/v2\/users\/23"}],"replies":[{"embeddable":true,"href":"https:\/\/expolampo.net\/index.php?rest_route=%2Fwp%2Fv2%2Fcomments&post=12990"}],"version-history":[{"count":12,"href":"https:\/\/expolampo.net\/index.php?rest_route=\/wp\/v2\/pages\/12990\/revisions"}],"predecessor-version":[{"id":13242,"href":"https:\/\/expolampo.net\/index.php?rest_route=\/wp\/v2\/pages\/12990\/revisions\/13242"}],"wp:attachment":[{"href":"https:\/\/expolampo.net\/index.php?rest_route=%2Fwp%2Fv2%2Fmedia&parent=12990"}],"curies":[{"name":"wp","href":"https:\/\/api.w.org\/{rel}","templated":true}]}}