{"id":13078,"date":"2026-02-26T10:00:51","date_gmt":"2026-02-26T10:00:51","guid":{"rendered":"https:\/\/expolampo.net\/?page_id=13078"},"modified":"2026-02-27T15:26:48","modified_gmt":"2026-02-27T15:26:48","slug":"chi-siamo","status":"publish","type":"page","link":"https:\/\/expolampo.net\/?page_id=13078","title":{"rendered":"Chi siamo"},"content":{"rendered":"\n<div class=\"wp-block-columns is-layout-flex wp-container-core-columns-is-layout-9d6595d7 wp-block-columns-is-layout-flex\">\n<div class=\"wp-block-column is-vertically-aligned-center is-layout-flow wp-block-column-is-layout-flow\">\n<blockquote class=\"wp-block-quote is-layout-flow wp-block-quote-is-layout-flow\">\n<h5 class=\"wp-block-heading has-woostify-heading-5-font-size\"><strong>Chi \u00e8 Expolampo?<\/strong><\/h5>\n<\/blockquote>\n\n\n\n<p style=\"text-align: justify\">Dal 2009 Expolampo \u00e8 il partner di fiducia per i professionisti della stampa digitale. Nata a Milano e cresciuta insieme ai centri stampa pi\u00f9 esigenti, la nostra azienda unisce competenza tecnica, visione commerciale e una profonda conoscenza del mondo wide format. Ogni giorno aiutiamo gli operatori del settore a lavorare meglio, pi\u00f9 velocemente e con risultati superiori.<\/p>\n<\/div>\n\n\n\n<div class=\"wp-block-column is-vertically-aligned-center is-layout-flow wp-block-column-is-layout-flow\">\n<figure class=\"wp-block-image aligncenter size-large is-resized\"><img loading=\"lazy\" decoding=\"async\" width=\"1024\" height=\"681\" src=\"https:\/\/expolampo.net\/wp-content\/uploads\/2026\/02\/Laterale-1-1024x681.jpg\" alt=\"\" class=\"wp-image-13129\" style=\"border-radius: 10px; width:475px; display: block; margin: 0 auto;\" srcset=\"https:\/\/expolampo.net\/wp-content\/uploads\/2026\/02\/Laterale-1-1024x681.jpg 1024w, https:\/\/expolampo.net\/wp-content\/uploads\/2026\/02\/Laterale-1-300x200.jpg 300w, https:\/\/expolampo.net\/wp-content\/uploads\/2026\/02\/Laterale-1-768x511.jpg 768w, https:\/\/expolampo.net\/wp-content\/uploads\/2026\/02\/Laterale-1-1536x1022.jpg 1536w, https:\/\/expolampo.net\/wp-content\/uploads\/2026\/02\/Laterale-1-512x341.jpg 512w, https:\/\/expolampo.net\/wp-content\/uploads\/2026\/02\/Laterale-1.jpg 1817w\" sizes=\"auto, (max-width: 1024px) 100vw, 1024px\" \/><\/figure>\n<\/div>\n<\/div>\n\n\n\n<hr class=\"wp-block-separator aligncenter has-alpha-channel-opacity is-style-wide\"\/>\n\n\n\n<div class=\"wp-block-columns is-layout-flex wp-container-core-columns-is-layout-9d6595d7 wp-block-columns-is-layout-flex\">\n<div class=\"wp-block-column is-vertically-aligned-center is-layout-flow wp-block-column-is-layout-flow\">\n<div style=\"height:15px\" aria-hidden=\"true\" class=\"wp-block-spacer\"><\/div>\n\n\n\n<figure class=\"wp-block-image align-center size-large is-resized\"><img loading=\"lazy\" decoding=\"async\" width=\"1024\" height=\"683\" src=\"https:\/\/expolampo.net\/wp-content\/uploads\/2026\/02\/business-concept-with-team-close-up-1-1024x683.jpg\" alt=\"\" class=\"wp-image-13132\" style=\"border-radius: 10px; width:475px; display: block; margin: 0 auto;\" srcset=\"https:\/\/expolampo.net\/wp-content\/uploads\/2026\/02\/business-concept-with-team-close-up-1-1024x683.jpg 1024w, https:\/\/expolampo.net\/wp-content\/uploads\/2026\/02\/business-concept-with-team-close-up-1-300x200.jpg 300w, https:\/\/expolampo.net\/wp-content\/uploads\/2026\/02\/business-concept-with-team-close-up-1-768x512.jpg 768w, https:\/\/expolampo.net\/wp-content\/uploads\/2026\/02\/business-concept-with-team-close-up-1-1536x1024.jpg 1536w, https:\/\/expolampo.net\/wp-content\/uploads\/2026\/02\/business-concept-with-team-close-up-1-2048x1365.jpg 2048w, https:\/\/expolampo.net\/wp-content\/uploads\/2026\/02\/business-concept-with-team-close-up-1-512x341.jpg 512w\" sizes=\"auto, (max-width: 1024px) 100vw, 1024px\" \/><\/figure>\n<\/div>\n\n\n\n<div class=\"wp-block-column is-vertically-aligned-center is-layout-flow wp-block-column-is-layout-flow\">\n<blockquote class=\"wp-block-quote is-layout-flow wp-block-quote-is-layout-flow\">\n<h5 class=\"wp-block-heading has-woostify-heading-5-font-size\"><strong>La nostra missione:<\/strong><\/h5>\n<\/blockquote>\n\n\n\n<p style=\"text-align: justify\">Offrire ai professionisti della personalizzazione e della stampa digitale soluzioni affidabili, performanti e sempre aggiornate, capaci di trasformare ogni progetto in un prodotto di qualit\u00e0. Non vendiamo semplicemente materiali: costruiamo relazioni, supportiamo il lavoro dei nostri clienti e li accompagniamo nella crescita.<\/p>\n<\/div>\n<\/div>\n\n\n\n<hr class=\"wp-block-separator has-alpha-channel-opacity is-style-wide\"\/>\n\n\n\n<div class=\"wp-block-columns is-layout-flex wp-container-core-columns-is-layout-9d6595d7 wp-block-columns-is-layout-flex\">\n<div class=\"wp-block-column is-vertically-aligned-center is-layout-flow wp-block-column-is-layout-flow\">\n<blockquote class=\"wp-block-quote is-layout-flow wp-block-quote-is-layout-flow\">\n<h5 class=\"wp-block-heading has-woostify-heading-5-font-size\"><strong>Materiali che fanno la differenza:<\/strong><\/h5>\n<\/blockquote>\n\n\n\n<p style=\"text-align: justify\">Selezioniamo solo supporti in grado di garantire stabilit\u00e0, resa cromatica e continuit\u00e0 operativa. La nostra gamma comprende: <br>Carte blue back e white back, carte fotografiche professionali, banner, vinili adesivi, poliesteri, materiali termo-trasferibili e soluzioni DTF, canvas, PVC\/PET per roll-up e pop-up, tessuti tecnici per comunicazione visiva e moda. Ogni prodotto \u00e8 scelto per offrire performance elevate con tutte le tecnologie di stampa pi\u00f9 diffuse.<\/p>\n<\/div>\n\n\n\n<div class=\"wp-block-column is-vertically-aligned-center is-layout-flow wp-block-column-is-layout-flow\">\n<div style=\"height:15px\" aria-hidden=\"true\" class=\"wp-block-spacer\"><\/div>\n\n\n\n<figure class=\"wp-block-image aligncenter size-large is-resized\"><img loading=\"lazy\" decoding=\"async\" width=\"1024\" height=\"683\" src=\"https:\/\/expolampo.net\/wp-content\/uploads\/2026\/02\/ChatGPT-Image-27-feb-2026-16_04_47-1024x683.jpg\" alt=\"\" class=\"wp-image-13206\" style=\"border-radius: 10px; width:475px; display: block; margin: 0 auto;\" srcset=\"https:\/\/expolampo.net\/wp-content\/uploads\/2026\/02\/ChatGPT-Image-27-feb-2026-16_04_47-1024x683.jpg 1024w, https:\/\/expolampo.net\/wp-content\/uploads\/2026\/02\/ChatGPT-Image-27-feb-2026-16_04_47-300x200.jpg 300w, https:\/\/expolampo.net\/wp-content\/uploads\/2026\/02\/ChatGPT-Image-27-feb-2026-16_04_47-768x512.jpg 768w, https:\/\/expolampo.net\/wp-content\/uploads\/2026\/02\/ChatGPT-Image-27-feb-2026-16_04_47-512x341.jpg 512w, https:\/\/expolampo.net\/wp-content\/uploads\/2026\/02\/ChatGPT-Image-27-feb-2026-16_04_47.jpg 1536w\" sizes=\"auto, (max-width: 1024px) 100vw, 1024px\" \/><\/figure>\n<\/div>\n<\/div>\n\n\n\n<hr class=\"wp-block-separator has-alpha-channel-opacity is-style-wide\"\/>\n\n\n\n<div class=\"wp-block-columns is-layout-flex wp-container-core-columns-is-layout-9d6595d7 wp-block-columns-is-layout-flex\">\n<div class=\"wp-block-column is-vertically-aligned-center is-layout-flow wp-block-column-is-layout-flow\">\n<div style=\"height:35px\" aria-hidden=\"true\" class=\"wp-block-spacer\"><\/div>\n\n\n\n<figure class=\"wp-block-image aligncenter size-large is-resized\"><img loading=\"lazy\" decoding=\"async\" width=\"1024\" height=\"585\" src=\"https:\/\/expolampo.net\/wp-content\/uploads\/2026\/02\/business-success-with-modern-technology-equipment-generated-by-ai-1024x585.jpg\" alt=\"\" class=\"wp-image-13185\" style=\"border-radius: 10px; width:475px; display: block; margin: 0 auto;\" srcset=\"https:\/\/expolampo.net\/wp-content\/uploads\/2026\/02\/business-success-with-modern-technology-equipment-generated-by-ai-1024x585.jpg 1024w, https:\/\/expolampo.net\/wp-content\/uploads\/2026\/02\/business-success-with-modern-technology-equipment-generated-by-ai-300x171.jpg 300w, https:\/\/expolampo.net\/wp-content\/uploads\/2026\/02\/business-success-with-modern-technology-equipment-generated-by-ai-768x439.jpg 768w, https:\/\/expolampo.net\/wp-content\/uploads\/2026\/02\/business-success-with-modern-technology-equipment-generated-by-ai-1536x878.jpg 1536w, https:\/\/expolampo.net\/wp-content\/uploads\/2026\/02\/business-success-with-modern-technology-equipment-generated-by-ai-512x293.jpg 512w, https:\/\/expolampo.net\/wp-content\/uploads\/2026\/02\/business-success-with-modern-technology-equipment-generated-by-ai.jpg 1890w\" sizes=\"auto, (max-width: 1024px) 100vw, 1024px\" \/><\/figure>\n<\/div>\n\n\n\n<div class=\"wp-block-column is-vertically-aligned-center is-layout-flow wp-block-column-is-layout-flow\">\n<blockquote class=\"wp-block-quote is-layout-flow wp-block-quote-is-layout-flow\">\n<h5 class=\"wp-block-heading has-woostify-heading-5-font-size\"><strong>Tecnologia che potenzia il business:<\/strong><\/h5>\n<\/blockquote>\n\n\n\n<p style=\"text-align: justify\">Siamo distributori in Italia dei brand Fortune, Sublistar e Colortrac, leader internazionali nelle stampanti wide format e negli scanner. Flatbed, hybrid, roll-to-roll, sistemi DTF professionali e scanner. A queste si affiancano, plotter, calandre e attrezzature provenienti dai migliori produttori mondiali. Il nostro obiettivo \u00e8 semplice: fornire ai clienti strumenti che aumentano produttivit\u00e0, qualit\u00e0 e competitivit\u00e0.<\/p>\n<\/div>\n<\/div>\n\n\n\n<hr class=\"wp-block-separator has-alpha-channel-opacity is-style-wide\"\/>\n\n\n\n<div class=\"wp-block-columns is-layout-flex wp-container-core-columns-is-layout-9d6595d7 wp-block-columns-is-layout-flex\">\n<div class=\"wp-block-column is-vertically-aligned-center is-layout-flow wp-block-column-is-layout-flow\">\n<blockquote class=\"wp-block-quote is-layout-flow wp-block-quote-is-layout-flow\">\n<h5 class=\"wp-block-heading has-woostify-heading-5-font-size\"><strong>Assistenza che fa la differenza:<\/strong><\/h5>\n<\/blockquote>\n\n\n\n<p style=\"text-align: justify\">Expolampo non ti lascia mai solo. Offriamo supporto tecnico specializzato, ricambi e materiali di consumo per tutte le macchine che commercializziamo. Perch\u00e9 un partner non \u00e8 chi ti vende una macchina, ma chi ti aiuta a farla rendere al massimo.<\/p>\n<\/div>\n\n\n\n<div class=\"wp-block-column is-vertically-aligned-center is-layout-flow wp-block-column-is-layout-flow\">\n<div style=\"height:15px\" aria-hidden=\"true\" class=\"wp-block-spacer\"><\/div>\n\n\n\n<figure class=\"wp-block-image aligncenter size-large is-resized\"><img loading=\"lazy\" decoding=\"async\" width=\"1024\" height=\"683\" src=\"https:\/\/expolampo.net\/wp-content\/uploads\/2026\/02\/man-working-printing-house-with-paper-paints-1024x683.jpg\" alt=\"\" class=\"wp-image-13209\" style=\"border-radius: 10px; width:475px; display: block; margin: 0 auto;\" srcset=\"https:\/\/expolampo.net\/wp-content\/uploads\/2026\/02\/man-working-printing-house-with-paper-paints-1024x683.jpg 1024w, https:\/\/expolampo.net\/wp-content\/uploads\/2026\/02\/man-working-printing-house-with-paper-paints-300x200.jpg 300w, https:\/\/expolampo.net\/wp-content\/uploads\/2026\/02\/man-working-printing-house-with-paper-paints-768x512.jpg 768w, https:\/\/expolampo.net\/wp-content\/uploads\/2026\/02\/man-working-printing-house-with-paper-paints-1536x1024.jpg 1536w, https:\/\/expolampo.net\/wp-content\/uploads\/2026\/02\/man-working-printing-house-with-paper-paints-2048x1365.jpg 2048w, https:\/\/expolampo.net\/wp-content\/uploads\/2026\/02\/man-working-printing-house-with-paper-paints-512x341.jpg 512w\" sizes=\"auto, (max-width: 1024px) 100vw, 1024px\" \/><\/figure>\n<\/div>\n<\/div>\n","protected":false},"excerpt":{"rendered":"<p>Chi \u00e8 Expolampo? Dal 2009 Expolampo \u00e8 il partner di fiducia per i professionisti della stampa digitale. Nata a Milano&#8230;<\/p>\n","protected":false},"author":2,"featured_media":0,"parent":0,"menu_order":0,"comment_status":"closed","ping_status":"closed","template":"","meta":{"footnotes":""},"class_list":["post-13078","page","type-page","status-publish","hentry"],"_links":{"self":[{"href":"https:\/\/expolampo.net\/index.php?rest_route=\/wp\/v2\/pages\/13078","targetHints":{"allow":["GET"]}}],"collection":[{"href":"https:\/\/expolampo.net\/index.php?rest_route=\/wp\/v2\/pages"}],"about":[{"href":"https:\/\/expolampo.net\/index.php?rest_route=\/wp\/v2\/types\/page"}],"author":[{"embeddable":true,"href":"https:\/\/expolampo.net\/index.php?rest_route=\/wp\/v2\/users\/2"}],"replies":[{"embeddable":true,"href":"https:\/\/expolampo.net\/index.php?rest_route=%2Fwp%2Fv2%2Fcomments&post=13078"}],"version-history":[{"count":55,"href":"https:\/\/expolampo.net\/index.php?rest_route=\/wp\/v2\/pages\/13078\/revisions"}],"predecessor-version":[{"id":13213,"href":"https:\/\/expolampo.net\/index.php?rest_route=\/wp\/v2\/pages\/13078\/revisions\/13213"}],"wp:attachment":[{"href":"https:\/\/expolampo.net\/index.php?rest_route=%2Fwp%2Fv2%2Fmedia&parent=13078"}],"curies":[{"name":"wp","href":"https:\/\/api.w.org\/{rel}","templated":true}]}}