{"id":11837,"date":"2024-07-29T12:07:26","date_gmt":"2024-07-29T12:07:26","guid":{"rendered":"https:\/\/staging.expolampo.net\/?post_type=product&#038;p=11837"},"modified":"2026-05-04T09:40:11","modified_gmt":"2026-05-04T09:40:11","slug":"inchiostro-uv-epson-i-3200-ciano-1l","status":"publish","type":"product","link":"https:\/\/expolampo.net\/?product=inchiostro-uv-epson-i-3200-ciano-1l","title":{"rendered":"Inchiostro UV Epson I 3200 Ciano &#8211; 1L"},"content":{"rendered":"","protected":false},"excerpt":{"rendered":"<p>L&#8217;inchiostro UV i3200 LED presenta un diametro medio delle particelle di pigmento compreso tra 0.2 e 0.3 micron, garantendo una qualit\u00e0 stabile e una stampa uniforme con colori brillanti. Privo di solventi organici volatili, ha una bassa viscosit\u00e0, \u00e8 ecologico e non emette odori irritanti, prevenendo l&#8217;ostruzione degli ugelli durante la stampa a getto.<\/p>\n<p>\u00c8 adatto per applicazioni nel mercato delle immagini, con uno strato di inchiostro indurito che offre buona flessibilit\u00e0, adesione, resistenza allo sfregamento, ai solventi e una brillantezza elevata.<\/p>\n","protected":false},"featured_media":13278,"comment_status":"open","ping_status":"closed","template":"","meta":[],"product_brand":[],"product_cat":[87,106,91,105],"product_tag":[],"class_list":{"0":"post-11837","1":"product","2":"type-product","3":"status-publish","4":"has-post-thumbnail","6":"product_cat-dtf-uv","7":"product_cat-ink-dtf-uv-ink","8":"product_cat-ink-dtf-uv","9":"product_cat-ink-uv","11":"first","12":"instock","13":"taxable","14":"shipping-taxable","15":"purchasable","16":"product-type-simple"},"_links":{"self":[{"href":"https:\/\/expolampo.net\/index.php?rest_route=\/wp\/v2\/product\/11837","targetHints":{"allow":["GET"]}}],"collection":[{"href":"https:\/\/expolampo.net\/index.php?rest_route=\/wp\/v2\/product"}],"about":[{"href":"https:\/\/expolampo.net\/index.php?rest_route=\/wp\/v2\/types\/product"}],"replies":[{"embeddable":true,"href":"https:\/\/expolampo.net\/index.php?rest_route=%2Fwp%2Fv2%2Fcomments&post=11837"}],"wp:featuredmedia":[{"embeddable":true,"href":"https:\/\/expolampo.net\/index.php?rest_route=\/wp\/v2\/media\/13278"}],"wp:attachment":[{"href":"https:\/\/expolampo.net\/index.php?rest_route=%2Fwp%2Fv2%2Fmedia&parent=11837"}],"wp:term":[{"taxonomy":"product_brand","embeddable":true,"href":"https:\/\/expolampo.net\/index.php?rest_route=%2Fwp%2Fv2%2Fproduct_brand&post=11837"},{"taxonomy":"product_cat","embeddable":true,"href":"https:\/\/expolampo.net\/index.php?rest_route=%2Fwp%2Fv2%2Fproduct_cat&post=11837"},{"taxonomy":"product_tag","embeddable":true,"href":"https:\/\/expolampo.net\/index.php?rest_route=%2Fwp%2Fv2%2Fproduct_tag&post=11837"}],"curies":[{"name":"wp","href":"https:\/\/api.w.org\/{rel}","templated":true}]}}