{"id":11840,"date":"2024-07-29T12:07:26","date_gmt":"2024-07-29T12:07:26","guid":{"rendered":"https:\/\/staging.expolampo.net\/?post_type=product&#038;p=11840"},"modified":"2026-04-17T13:01:36","modified_gmt":"2026-04-17T13:01:36","slug":"dtf-uv-black-1l","status":"publish","type":"product","link":"https:\/\/expolampo.net\/?product=dtf-uv-black-1l","title":{"rendered":"DTF UV Black &#8211; 1L"},"content":{"rendered":"","protected":false},"excerpt":{"rendered":"<p>Questo inchiostro UV dai colori brillanti \u00e8 ideale per supporti sia flessibili che rigidi. Resistente all&#8217;acqua e alla luce, \u00e8 perfetto per l&#8217;uso sia in ambienti interni che esterni. Il contenuto della confezione \u00e8 di 1L.\u00a0Compatibile con stampanti dotate di testina di stampa Epson I3200, 4720, L1800, XP600, TX800, DX5, DX7, DX9, ecc.<\/p>\n","protected":false},"featured_media":12183,"comment_status":"open","ping_status":"closed","template":"","meta":[],"product_brand":[],"product_cat":[106,91],"product_tag":[],"class_list":{"0":"post-11840","1":"product","2":"type-product","3":"status-publish","4":"has-post-thumbnail","6":"product_cat-ink-dtf-uv-ink","7":"product_cat-ink-dtf-uv","9":"first","10":"instock","11":"sale","12":"taxable","13":"shipping-taxable","14":"purchasable","15":"product-type-simple"},"_links":{"self":[{"href":"https:\/\/expolampo.net\/index.php?rest_route=\/wp\/v2\/product\/11840","targetHints":{"allow":["GET"]}}],"collection":[{"href":"https:\/\/expolampo.net\/index.php?rest_route=\/wp\/v2\/product"}],"about":[{"href":"https:\/\/expolampo.net\/index.php?rest_route=\/wp\/v2\/types\/product"}],"replies":[{"embeddable":true,"href":"https:\/\/expolampo.net\/index.php?rest_route=%2Fwp%2Fv2%2Fcomments&post=11840"}],"wp:featuredmedia":[{"embeddable":true,"href":"https:\/\/expolampo.net\/index.php?rest_route=\/wp\/v2\/media\/12183"}],"wp:attachment":[{"href":"https:\/\/expolampo.net\/index.php?rest_route=%2Fwp%2Fv2%2Fmedia&parent=11840"}],"wp:term":[{"taxonomy":"product_brand","embeddable":true,"href":"https:\/\/expolampo.net\/index.php?rest_route=%2Fwp%2Fv2%2Fproduct_brand&post=11840"},{"taxonomy":"product_cat","embeddable":true,"href":"https:\/\/expolampo.net\/index.php?rest_route=%2Fwp%2Fv2%2Fproduct_cat&post=11840"},{"taxonomy":"product_tag","embeddable":true,"href":"https:\/\/expolampo.net\/index.php?rest_route=%2Fwp%2Fv2%2Fproduct_tag&post=11840"}],"curies":[{"name":"wp","href":"https:\/\/api.w.org\/{rel}","templated":true}]}}